{"id":24,"date":"2025-11-11T14:22:17","date_gmt":"2025-11-11T12:22:17","guid":{"rendered":"https:\/\/www.agatheroussel-psy.fr\/?page_id=24"},"modified":"2025-11-15T22:33:53","modified_gmt":"2025-11-15T20:33:53","slug":"landing-page","status":"publish","type":"page","link":"https:\/\/www.agatheroussel-psy.fr\/","title":{"rendered":"Agathe Roussel"},"content":{"rendered":"\n<h2 class=\"wp-block-heading has-text-align-center has-x-large-font-size\">Psychologue TCC<\/h2>\n\n\n\n<div style=\"margin-top:var(--wp--preset--spacing--10);margin-bottom:0;height:var(--wp--preset--spacing--10)\" aria-hidden=\"true\" class=\"wp-block-spacer\"><\/div>\n\n\n\n<div class=\"wp-block-group alignfull has-accent-4-background-color has-background has-global-padding is-layout-constrained wp-container-core-group-is-layout-f6cc5ae6 wp-block-group-is-layout-constrained\" style=\"margin-top:0;margin-bottom:0;padding-top:var(--wp--preset--spacing--30);padding-right:var(--wp--preset--spacing--50);padding-bottom:var(--wp--preset--spacing--30);padding-left:var(--wp--preset--spacing--50)\">\n<div class=\"wp-block-group alignfull has-global-padding is-layout-constrained wp-container-core-group-is-layout-14d00703 wp-block-group-is-layout-constrained\" style=\"margin-top:0;margin-bottom:0;padding-top:var(--wp--preset--spacing--10);padding-right:var(--wp--preset--spacing--10);padding-bottom:var(--wp--preset--spacing--10);padding-left:var(--wp--preset--spacing--10)\">\n<h1 class=\"wp-block-heading has-text-align-center has-large-font-size\"><em>\u00ab\u00a0<strong>Prendre soin de soi, ce n&rsquo;est pas se mettre au centre du monde, c&rsquo;est apprendre \u00e0 y habiter paisiblement<\/strong><\/em>\u00a0\u00bb <\/h1>\n\n\n\n<p class=\"has-text-align-right\"><em>Christophe Andr\u00e9<\/em><\/p>\n<\/div>\n\n\n\n<div class=\"wp-block-columns alignwide is-layout-flex wp-container-core-columns-is-layout-1da03c2a wp-block-columns-is-layout-flex\">\n<div class=\"wp-block-column is-vertically-aligned-stretch is-layout-flow wp-block-column-is-layout-flow\" style=\"flex-basis:70%\">\n<div class=\"wp-block-group is-vertical is-content-justification-stretch is-layout-flex wp-container-core-group-is-layout-444d5ee8 wp-block-group-is-layout-flex\" style=\"min-height:100%\">\n<p class=\"has-heading-font-family\" style=\"font-size:clamp(1.011rem, 1.011rem + ((1vw - 0.2rem) * 0.898), 1.55rem);line-height:1.2\">Vous traversez une p\u00e9riode difficile ou vous vous sentez envahi par des angoisses qui alt\u00e8rent votre quotidien ?<\/p>\n\n\n\n<p class=\"has-heading-font-family\" style=\"font-size:clamp(1.011rem, 1.011rem + ((1vw - 0.2rem) * 0.898), 1.55rem);line-height:1.2\">La Th\u00e9rapie Cognitive et Comportementale (TCC) est une approche scientifiquement valid\u00e9e qui peut vous aider \u00e0 d\u00e9passer ce cap, \u00e0 mieux comprendre vos \u00e9motions et \u00e0 retrouver un \u00e9quilibre plus serein.<\/p>\n\n\n\n<p class=\"has-heading-font-family\" style=\"font-size:clamp(1.011rem, 1.011rem + ((1vw - 0.2rem) * 0.898), 1.55rem);line-height:1.2\">Ensemble et gr\u00e2ce \u00e0 des outils concrets et adapt\u00e9s, nous chercherons \u00e0 identifier les m\u00e9canismes qui entretiennent vos difficult\u00e9s pour mettre en place des changements efficaces et durables.<\/p>\n\n\n\n<p class=\"has-text-align-left has-heading-font-family\" style=\"font-size:clamp(1.011rem, 1.011rem + ((1vw - 0.2rem) * 0.898), 1.55rem);line-height:1.2\">Que vous traversiez une p\u00e9riode de stress, d\u2019anxi\u00e9t\u00e9, de d\u00e9pression, de phobie ou simplement un moment de questionnement personnel, la th\u00e9rapie peut vous aider \u00e0 mieux comprendre ce que vous vivez et \u00e0 avancer vers un quotidien plus apais\u00e9.<\/p>\n\n\n\n<div class=\"wp-block-group has-global-padding is-content-justification-left is-layout-constrained wp-container-core-group-is-layout-9fe8ed88 wp-block-group-is-layout-constrained\">\n<div class=\"wp-block-buttons is-layout-flex wp-block-buttons-is-layout-flex\">\n<div class=\"wp-block-button is-style-fill\"><a class=\"wp-block-button__link has-contrast-background-color has-background wp-element-button\" href=\"https:\/\/www.doctolib.fr\/psychologue\/courbevoie\/agathe-roussel-courbevoie\">Prendre RDV<\/a><\/div>\n<\/div>\n<\/div>\n<\/div>\n<\/div>\n\n\n\n<div class=\"wp-block-column is-vertically-aligned-center is-layout-flow wp-block-column-is-layout-flow\" style=\"flex-basis:30%\">\n<figure class=\"wp-block-image aligncenter size-full is-resized is-style-rounded is-style-rounded--1\"><img loading=\"lazy\" decoding=\"async\" width=\"964\" height=\"700\" src=\"https:\/\/www.agatheroussel-psy.fr\/wp-content\/uploads\/2025\/11\/Agathe-Roussel.webp\" alt=\"\" class=\"wp-image-25\" style=\"aspect-ratio:0.75;object-fit:cover;width:330px;height:auto\" srcset=\"https:\/\/www.agatheroussel-psy.fr\/wp-content\/uploads\/2025\/11\/Agathe-Roussel.webp 964w, https:\/\/www.agatheroussel-psy.fr\/wp-content\/uploads\/2025\/11\/Agathe-Roussel-300x218.webp 300w, https:\/\/www.agatheroussel-psy.fr\/wp-content\/uploads\/2025\/11\/Agathe-Roussel-768x558.webp 768w\" sizes=\"auto, (max-width: 964px) 100vw, 964px\" \/><\/figure>\n<\/div>\n<\/div>\n<\/div>\n\n\n\n<div class=\"wp-block-group alignfull has-global-padding is-layout-constrained wp-container-core-group-is-layout-301020a0 wp-block-group-is-layout-constrained\" style=\"padding-top:var(--wp--preset--spacing--50);padding-right:var(--wp--preset--spacing--50);padding-bottom:var(--wp--preset--spacing--50);padding-left:var(--wp--preset--spacing--50)\">\n<div class=\"wp-block-columns alignwide is-layout-flex wp-container-core-columns-is-layout-08c01c1c wp-block-columns-is-layout-flex\">\n<div class=\"wp-block-column is-layout-flow wp-block-column-is-layout-flow\" style=\"flex-basis:33%\">\n<p class=\"has-text-align-center has-heading-font-family has-large-font-size\" style=\"line-height:1.2\"><strong>Qui suis-je ?<\/strong><\/p>\n<\/div>\n\n\n\n<div class=\"wp-block-column is-layout-flow wp-container-core-column-is-layout-119bc444 wp-block-column-is-layout-flow\" style=\"flex-basis:66%\">\n<div class=\"wp-block-group is-nowrap is-layout-flex wp-container-core-group-is-layout-877c468d wp-block-group-is-layout-flex\">\n<p class=\"has-heading-font-family\" style=\"font-size:clamp(1.011rem, 1.011rem + ((1vw - 0.2rem) * 0.898), 1.55rem);line-height:1.2\">Psychologue depuis 2018, je vous accueille dans mon cabinet \u00e0 Courbevoie dans un cadre bienveillant, respectueux de votre singularit\u00e9 et de votre rythme.<\/p>\n<\/div>\n<\/div>\n<\/div>\n<\/div>\n\n\n\n<div class=\"wp-block-group alignfull has-accent-5-background-color has-background has-global-padding is-layout-constrained wp-container-core-group-is-layout-d89aad35 wp-block-group-is-layout-constrained\" style=\"margin-top:0;margin-bottom:0;padding-top:var(--wp--preset--spacing--50);padding-right:var(--wp--preset--spacing--50);padding-bottom:var(--wp--preset--spacing--50);padding-left:var(--wp--preset--spacing--50)\">\n<div class=\"wp-block-columns alignwide is-layout-flex wp-container-core-columns-is-layout-1da03c2a wp-block-columns-is-layout-flex\">\n<div class=\"wp-block-column is-vertically-aligned-center is-layout-flow wp-block-column-is-layout-flow\" style=\"flex-basis:60%\">\n<div class=\"wp-block-group is-vertical is-layout-flex wp-container-core-group-is-layout-fe9cc265 wp-block-group-is-layout-flex\">\n<figure class=\"wp-block-gallery has-nested-images columns-2 is-cropped wp-block-gallery-4 is-layout-flex wp-block-gallery-is-layout-flex\">\n<figure class=\"wp-block-image size-large is-style-rounded is-style-rounded--2\"><img loading=\"lazy\" decoding=\"async\" width=\"987\" height=\"1024\" data-id=\"89\" src=\"https:\/\/www.agatheroussel-psy.fr\/wp-content\/uploads\/2025\/11\/PXL_20251001_1349428532-987x1024.jpg\" alt=\"\" class=\"wp-image-89\" srcset=\"https:\/\/www.agatheroussel-psy.fr\/wp-content\/uploads\/2025\/11\/PXL_20251001_1349428532-987x1024.jpg 987w, https:\/\/www.agatheroussel-psy.fr\/wp-content\/uploads\/2025\/11\/PXL_20251001_1349428532-289x300.jpg 289w, https:\/\/www.agatheroussel-psy.fr\/wp-content\/uploads\/2025\/11\/PXL_20251001_1349428532-768x797.jpg 768w, https:\/\/www.agatheroussel-psy.fr\/wp-content\/uploads\/2025\/11\/PXL_20251001_1349428532-1480x1536.jpg 1480w, https:\/\/www.agatheroussel-psy.fr\/wp-content\/uploads\/2025\/11\/PXL_20251001_1349428532-1974x2048.jpg 1974w\" sizes=\"auto, (max-width: 987px) 100vw, 987px\" \/><\/figure>\n\n\n\n<figure class=\"wp-block-image size-large is-style-rounded is-style-rounded--3\"><img loading=\"lazy\" decoding=\"async\" width=\"2560\" height=\"1920\" data-id=\"91\" src=\"https:\/\/www.agatheroussel-psy.fr\/wp-content\/uploads\/2025\/11\/PXL_20251001_1352560232-scaled.jpg\" alt=\"\" class=\"wp-image-91\" srcset=\"https:\/\/www.agatheroussel-psy.fr\/wp-content\/uploads\/2025\/11\/PXL_20251001_1352560232-scaled.jpg 2560w, https:\/\/www.agatheroussel-psy.fr\/wp-content\/uploads\/2025\/11\/PXL_20251001_1352560232-300x225.jpg 300w\" sizes=\"auto, (max-width: 2560px) 100vw, 2560px\" \/><\/figure>\n<\/figure>\n<\/div>\n<\/div>\n\n\n\n<div class=\"wp-block-column is-layout-flow wp-block-column-is-layout-flow\" style=\"flex-basis:40%\">\n<h2 class=\"wp-block-heading\">Un cabinet au sein de Courbevoie<\/h2>\n\n\n\n<p>\ud83d\udccd 10 Avenue de la Libert\u00e9, 92400 Courbevoie<\/p>\n\n\n\n<div class=\"wp-block-buttons is-layout-flex wp-block-buttons-is-layout-flex\">\n<div class=\"wp-block-button\"><a class=\"wp-block-button__link wp-element-button\" href=\"https:\/\/www.doctolib.fr\/psychologue\/courbevoie\/agathe-roussel-courbevoie\">Prendre un RDV<\/a><\/div>\n<\/div>\n<\/div>\n<\/div>\n<\/div>\n\n\n\n<div class=\"wp-block-group alignfull has-global-padding is-layout-constrained wp-container-core-group-is-layout-d89aad35 wp-block-group-is-layout-constrained\" style=\"margin-top:0;margin-bottom:0;padding-top:var(--wp--preset--spacing--50);padding-right:var(--wp--preset--spacing--50);padding-bottom:var(--wp--preset--spacing--50);padding-left:var(--wp--preset--spacing--50)\">\n<div class=\"wp-block-columns alignwide is-layout-flex wp-container-core-columns-is-layout-1da03c2a wp-block-columns-is-layout-flex\">\n<div class=\"wp-block-column is-layout-flow wp-block-column-is-layout-flow\" style=\"flex-basis:40%\">\n<p class=\"has-text-align-left\"><strong>Je vous re\u00e7ois sur rendez-vous du lundi au mercredi de 9h \u00e0 18h<\/strong>,&nbsp;<strong>au sein de mon cabinet ou en visio<\/strong>.<\/p>\n\n\n\n<p class=\"has-text-align-left\">\ud83d\udccd 10 Avenue de la Libert\u00e9, 92400 Courbevoie<\/p>\n\n\n\n<p class=\"has-text-align-left\">\u260e\ufe0f 07.61.81.55.29<\/p>\n\n\n\n<p class=\"has-text-align-left\">\ud83d\udce9&nbsp;aroussel.psy@gmail.com<\/p>\n\n\n\n<div class=\"wp-block-media-text\" style=\"grid-template-columns:15% auto\"><figure class=\"wp-block-media-text__media\"><img loading=\"lazy\" decoding=\"async\" width=\"1024\" height=\"482\" src=\"https:\/\/www.agatheroussel-psy.fr\/wp-content\/uploads\/2025\/11\/IDF_Train_L_logo_2020.svg_-1024x482.png\" alt=\"\" class=\"wp-image-50 size-full\" srcset=\"https:\/\/www.agatheroussel-psy.fr\/wp-content\/uploads\/2025\/11\/IDF_Train_L_logo_2020.svg_-1024x482.png 1024w, https:\/\/www.agatheroussel-psy.fr\/wp-content\/uploads\/2025\/11\/IDF_Train_L_logo_2020.svg_-300x141.png 300w, https:\/\/www.agatheroussel-psy.fr\/wp-content\/uploads\/2025\/11\/IDF_Train_L_logo_2020.svg_-768x361.png 768w, https:\/\/www.agatheroussel-psy.fr\/wp-content\/uploads\/2025\/11\/IDF_Train_L_logo_2020.svg_.png 1280w\" sizes=\"auto, (max-width: 1024px) 100vw, 1024px\" \/><\/figure><div class=\"wp-block-media-text__content\">\n<p>Transilien ligne L<\/p>\n<\/div><\/div>\n\n\n\n<div class=\"wp-block-buttons is-content-justification-left is-layout-flex wp-container-core-buttons-is-layout-fc4fd283 wp-block-buttons-is-layout-flex\">\n<div class=\"wp-block-button\"><a class=\"wp-block-button__link has-text-align-left wp-element-button\" href=\"https:\/\/www.doctolib.fr\/psychologue\/courbevoie\/agathe-roussel-courbevoie\">Prendre un RDV<\/a><\/div>\n<\/div>\n<\/div>\n\n\n\n<div class=\"wp-block-column is-vertically-aligned-center is-layout-flow wp-block-column-is-layout-flow\" style=\"flex-basis:60%\"><div id=\"wpgmza_map_1\" class=\"wpgmza_map wpgmza-auto-left\" style=\"display:block;width:100%;height:400px;overflow:hidden;position:relative;\" data-map-id=\"1\" data-maps-engine=\"leaflet-zerocost\" data-build-engine=\"atlas-novus\" data-shortcode-attributes=\"{&quot;id&quot;:&quot;1&quot;,&quot;zoom&quot;:false,&quot;width&quot;:false,&quot;height&quot;:false,&quot;marker&quot;:false,&quot;classname&quot;:false}\" data-settings=\"{&quot;map_title&quot;:&quot;Adresse cabinet&quot;,&quot;map_width&quot;:&quot;100&quot;,&quot;map_height&quot;:&quot;400&quot;,&quot;map_start_lat&quot;:&quot;48.893909557212616&quot;,&quot;map_start_lng&quot;:&quot;2.3112487792968754&quot;,&quot;map_start_location&quot;:&quot;45.950464398418106,-109.81550500000003&quot;,&quot;map_start_zoom&quot;:&quot;12&quot;,&quot;default_marker&quot;:&quot;&quot;,&quot;type&quot;:&quot;0&quot;,&quot;alignment&quot;:&quot;4&quot;,&quot;directions_enabled&quot;:&quot;0&quot;,&quot;styling_enabled&quot;:&quot;0&quot;,&quot;styling_json&quot;:&quot;&quot;,&quot;active&quot;:&quot;0&quot;,&quot;kml&quot;:&quot;&quot;,&quot;bicycle&quot;:&quot;0&quot;,&quot;traffic&quot;:&quot;0&quot;,&quot;dbox&quot;:&quot;0&quot;,&quot;dbox_width&quot;:&quot;&quot;,&quot;listmarkers&quot;:&quot;0&quot;,&quot;listmarkers_advanced&quot;:&quot;0&quot;,&quot;filterbycat&quot;:&quot;0&quot;,&quot;ugm_enabled&quot;:&quot;0&quot;,&quot;ugm_category_enabled&quot;:&quot;0&quot;,&quot;fusion&quot;:&quot;&quot;,&quot;map_width_type&quot;:&quot;%&quot;,&quot;map_height_type&quot;:&quot;px&quot;,&quot;mass_marker_support&quot;:&quot;0&quot;,&quot;ugm_access&quot;:&quot;0&quot;,&quot;order_markers_by&quot;:&quot;0&quot;,&quot;order_markers_choice&quot;:&quot;0&quot;,&quot;show_user_location&quot;:&quot;0&quot;,&quot;default_to&quot;:&quot;&quot;,&quot;map_type&quot;:1,&quot;sl_stroke_color&quot;:&quot;&quot;,&quot;sl_fill_color&quot;:&quot;&quot;,&quot;sl_stroke_opacity&quot;:&quot;&quot;,&quot;sl_fill_opacity&quot;:&quot;&quot;,&quot;transport_layer&quot;:null,&quot;action&quot;:&quot;wpgmza_save_map&quot;,&quot;redirect_to&quot;:&quot;\\\/wp-admin\\\/admin-post.php&quot;,&quot;map_id&quot;:&quot;1&quot;,&quot;wpgmza_savemap&quot;:&quot;Enregistrer la carte&quot;,&quot;http_referer&quot;:&quot;\\\/wp-admin\\\/admin.php?page=wp-google-maps-menu&amp;amp;action=edit&amp;amp;map_id=1&quot;,&quot;wpgmza_id&quot;:&quot;1&quot;,&quot;wpgmza_start_location&quot;:&quot;48.893909557212616,2.3112487792968754&quot;,&quot;wpgmza_start_zoom&quot;:&quot;12&quot;,&quot;wpgmza_map_align&quot;:&quot;1&quot;,&quot;store_locator_enabled&quot;:false,&quot;store_locator_distance&quot;:false,&quot;store_locator_search_area&quot;:&quot;radial&quot;,&quot;wpgmza_store_locator_default_radius&quot;:&quot;10&quot;,&quot;store_locator_auto_area_max_zoom&quot;:&quot;&quot;,&quot;wpgmza_store_locator_radius_style&quot;:&quot;legacy&quot;,&quot;store_locator_component_anchor&quot;:&quot;0&quot;,&quot;store_locator_button_style&quot;:&quot;&quot;,&quot;wpgmza_store_locator_bounce&quot;:false,&quot;wpgmza_sl_animation&quot;:null,&quot;store_locator_query_string&quot;:&quot;&quot;,&quot;store_locator_location_placeholder&quot;:&quot;&quot;,&quot;store_locator_default_address&quot;:&quot;&quot;,&quot;store_locator_name_search&quot;:false,&quot;store_locator_name_string&quot;:&quot;&quot;,&quot;store_locator_not_found_message&quot;:&quot;&quot;,&quot;store_locator_show_distance&quot;:false,&quot;store_locator_category&quot;:false,&quot;wpgmza_store_locator_use_their_location&quot;:false,&quot;wpgmza_store_locator_hide_before_search&quot;:false,&quot;store_locator_nearby_searches&quot;:false,&quot;wpgmza_leaflet_tile_filter&quot;:&quot;grayscale(100%)&quot;,&quot;wpgmza_theme_data&quot;:&quot;&quot;,&quot;custom_tile_enabled&quot;:false,&quot;custom_tile_image&quot;:&quot;&quot;,&quot;custom_tile_image_width&quot;:&quot;&quot;,&quot;custom_tile_image_height&quot;:&quot;&quot;,&quot;custom_tile_image_attribution&quot;:&quot;&quot;,&quot;iw_anchor_panel_card&quot;:null,&quot;iw_primary_color&quot;:&quot;#000000&quot;,&quot;iw_accent_color&quot;:&quot;#000000&quot;,&quot;iw_text_color&quot;:&quot;#000000&quot;,&quot;close_infowindow_on_map_click&quot;:false,&quot;marker_share_links&quot;:false,&quot;wpgmza_listmarkers_by&quot;:&quot;0&quot;,&quot;marker_listing_component_anchor&quot;:null,&quot;marker_listing_component_auto_open&quot;:false,&quot;marker_listing_nudge_marker_center&quot;:false,&quot;marker_listing_nudge_x&quot;:&quot;&quot;,&quot;marker_listing_nudge_y&quot;:&quot;&quot;,&quot;category_filter_component_anchor&quot;:null,&quot;category_filter_label_string&quot;:&quot;&quot;,&quot;zoom_level_on_marker_listing_override&quot;:false,&quot;zoom_level_on_marker_listing_click&quot;:&quot;&quot;,&quot;marker_listing_disable_zoom&quot;:false,&quot;dataTable_pagination_style&quot;:null,&quot;datatable_no_result_message&quot;:&quot;&quot;,&quot;remove_search_box_datables&quot;:false,&quot;datatable_search_string&quot;:&quot;&quot;,&quot;datatable_result_start&quot;:&quot;&quot;,&quot;datatable_result_of&quot;:&quot;&quot;,&quot;datatable_result_to&quot;:&quot;&quot;,&quot;datatable_result_total&quot;:&quot;&quot;,&quot;datatable_result_show&quot;:&quot;&quot;,&quot;datatable_result_entries&quot;:&quot;&quot;,&quot;category_legends_enabled&quot;:false,&quot;category_legends_component_anchor&quot;:null,&quot;category_legends_style&quot;:null,&quot;category_legends_label_string&quot;:&quot;&quot;,&quot;jump_to_nearest_marker_on_initialization&quot;:false,&quot;click_open_link&quot;:false,&quot;wpgmza_zoom_on_marker_click&quot;:false,&quot;wpgmza_zoom_on_marker_click_slider&quot;:&quot;&quot;,&quot;enable_marker_labels&quot;:false,&quot;polygon_labels&quot;:false,&quot;disable_polygon_info_windows&quot;:false,&quot;shape_filtering&quot;:false,&quot;fit_maps_bounds_to_markers&quot;:false,&quot;fit_maps_bounds_to_markers_after_filtering&quot;:false,&quot;restrict_map_bounds&quot;:false,&quot;restrict_boundary_corner_a&quot;:&quot;&quot;,&quot;restrict_boundary_corner_b&quot;:&quot;&quot;,&quot;automatically_pan_to_users_location&quot;:false,&quot;enable_user_location_control&quot;:false,&quot;override_users_location_zoom_level&quot;:false,&quot;override_users_location_zoom_levels&quot;:&quot;&quot;,&quot;show_distance_from_location&quot;:false,&quot;map_starts_in_streetview&quot;:false,&quot;map_starts_in_streetview_location&quot;:&quot;&quot;,&quot;map_starts_in_streetview_heading&quot;:&quot;&quot;,&quot;map_starts_in_streetview_pitch&quot;:&quot;&quot;,&quot;map_max_zoom&quot;:&quot;21&quot;,&quot;map_min_zoom&quot;:&quot;0&quot;,&quot;disable_lightbox_images&quot;:false,&quot;use_Raw_Jpeg_Coordinates&quot;:false,&quot;enable_marker_ratings&quot;:false,&quot;enable_map_reset_control&quot;:false,&quot;zoom_level_mobile_override_enabled&quot;:false,&quot;zoom_level_mobile_override&quot;:&quot;&quot;,&quot;map_dimensions_mobile_override_enabled&quot;:false,&quot;map_mobile_width&quot;:&quot;100&quot;,&quot;map_mobile_width_type&quot;:&quot;%&quot;,&quot;map_mobile_height&quot;:&quot;200&quot;,&quot;map_mobile_height_type&quot;:&quot;px&quot;,&quot;lazyload_info_window_content&quot;:false,&quot;only_load_markers_within_viewport&quot;:false,&quot;id&quot;:1}\" ><\/div><\/div>\n<\/div>\n<\/div>\n","protected":false},"excerpt":{"rendered":"<p>Psychologue TCC \u00ab\u00a0Prendre soin de soi, ce n&rsquo;est pas se mettre au centre du monde, c&rsquo;est apprendre \u00e0 y habiter paisiblement\u00a0\u00bb Christophe Andr\u00e9 Vous traversez une p\u00e9riode difficile ou vous vous sentez envahi par des angoisses qui alt\u00e8rent votre quotidien ? La Th\u00e9rapie Cognitive et Comportementale (TCC) est une approche scientifiquement valid\u00e9e qui peut vous [&hellip;]<\/p>\n","protected":false},"author":1,"featured_media":0,"parent":0,"menu_order":0,"comment_status":"closed","ping_status":"closed","template":"","meta":{"footnotes":""},"class_list":["post-24","page","type-page","status-publish","hentry"],"jetpack_sharing_enabled":true,"_links":{"self":[{"href":"https:\/\/www.agatheroussel-psy.fr\/index.php\/wp-json\/wp\/v2\/pages\/24","targetHints":{"allow":["GET"]}}],"collection":[{"href":"https:\/\/www.agatheroussel-psy.fr\/index.php\/wp-json\/wp\/v2\/pages"}],"about":[{"href":"https:\/\/www.agatheroussel-psy.fr\/index.php\/wp-json\/wp\/v2\/types\/page"}],"author":[{"embeddable":true,"href":"https:\/\/www.agatheroussel-psy.fr\/index.php\/wp-json\/wp\/v2\/users\/1"}],"replies":[{"embeddable":true,"href":"https:\/\/www.agatheroussel-psy.fr\/index.php\/wp-json\/wp\/v2\/comments?post=24"}],"version-history":[{"count":67,"href":"https:\/\/www.agatheroussel-psy.fr\/index.php\/wp-json\/wp\/v2\/pages\/24\/revisions"}],"predecessor-version":[{"id":100,"href":"https:\/\/www.agatheroussel-psy.fr\/index.php\/wp-json\/wp\/v2\/pages\/24\/revisions\/100"}],"wp:attachment":[{"href":"https:\/\/www.agatheroussel-psy.fr\/index.php\/wp-json\/wp\/v2\/media?parent=24"}],"curies":[{"name":"wp","href":"https:\/\/api.w.org\/{rel}","templated":true}]}}